{"id":612,"date":"2026-03-20T12:55:48","date_gmt":"2026-03-20T11:55:48","guid":{"rendered":"https:\/\/techtelmechtel.space\/?page_id=612"},"modified":"2026-04-30T11:08:48","modified_gmt":"2026-04-30T09:08:48","slug":"community","status":"publish","type":"page","link":"https:\/\/techtelmechtel.space\/en\/community\/","title":{"rendered":"Community"},"content":{"rendered":"<div class=\"et_pb_section_0 et_pb_section et_section_regular et_block_section\">\n<div class=\"et_pb_row_0 et_pb_row et_block_row\">\n<div class=\"et_pb_column_0 et_pb_column et_pb_column_4_4 et-last-child et_block_column et_pb_css_mix_blend_mode_passthrough\">\n<div class=\"et_pb_heading_0 et_pb_heading et_animated et_pb_module et_flex_module preset--module--divi-heading--default\"><div class=\"et_pb_heading_container\"><h1 class=\"et_pb_module_header\">Tech Community<\/h1><\/div><\/div>\n\n<div class=\"et_pb_heading_1 et_pb_heading et_pb_module et_flex_module preset--module--divi-heading--2vp7h0xl48\"><div class=\"et_pb_heading_container\"><h2 class=\"et_pb_module_header\">In unserem Friedrichshainer Coworking und Eventspace veranstalten wir Events rund um Tech und Produktentwicklung<\/h2><\/div><\/div>\n<\/div>\n<\/div>\n\n<div class=\"et_pb_row_1 et_pb_row et_flex_row\">\n<div class=\"et_pb_column_1 et_pb_column et-last-child et_flex_column et_pb_css_mix_blend_mode_passthrough et_flex_column_24_24 et_flex_column_24_24_tablet et_flex_column_24_24_phone\">\n<div class=\"et_pb_group_carousel_0 et_pb_group_carousel et_pb_group et_pb_module et_pb_group_carousel_arrows_inside et_pb_group_carousel_dots_center et_pb_group_carousel_dots_below\"><div class=\"et_pb_group_carousel_container\"><div class=\"et_pb_group_carousel_track\"><div class=\"et_pb_group_carousel_slide\"><div class=\"et_pb_group_0 et_pb_group et_pb_module et_flex_group et_pb_css_mix_blend_mode_passthrough\">\n<div class=\"et_pb_image_0 et_pb_image et_pb_module et_flex_module\"><span class=\"et_pb_image_wrap\"><img loading=\"lazy\" decoding=\"async\" src=\"https:\/\/techtelmechtel.space\/wp-content\/uploads\/2026\/03\/event6.jpeg\" title=\"event6\" width=\"2048\" height=\"1536\" srcset=\"https:\/\/techtelmechtel.space\/wp-content\/uploads\/2026\/03\/event6.jpeg 2048w, https:\/\/techtelmechtel.space\/wp-content\/uploads\/2026\/03\/event6-1280x960.jpeg 1280w, https:\/\/techtelmechtel.space\/wp-content\/uploads\/2026\/03\/event6-980x735.jpeg 980w, https:\/\/techtelmechtel.space\/wp-content\/uploads\/2026\/03\/event6-480x360.jpeg 480w\" sizes=\"(min-width: 0px) and (max-width: 480px) 480px, (min-width: 481px) and (max-width: 980px) 980px, (min-width: 981px) and (max-width: 1280px) 1280px, (min-width: 1281px) 2048px, 100vw\" class=\"wp-image-635\" \/><\/span><\/div>\n<\/div><\/div><div class=\"et_pb_group_carousel_slide\"><div class=\"et_pb_group_1 et_pb_group et_pb_module et_flex_group et_pb_css_mix_blend_mode_passthrough\">\n<div class=\"et_pb_image_1 et_pb_image et_pb_module et_flex_module\"><span class=\"et_pb_image_wrap\"><img loading=\"lazy\" decoding=\"async\" src=\"https:\/\/techtelmechtel.space\/wp-content\/uploads\/2026\/03\/event8.jpeg\" alt=\"Event im Techtelmechtel\" title=\"Event im Techtelmechtel\" width=\"2048\" height=\"1536\" srcset=\"https:\/\/techtelmechtel.space\/wp-content\/uploads\/2026\/03\/event8.jpeg 2048w, https:\/\/techtelmechtel.space\/wp-content\/uploads\/2026\/03\/event8-1280x960.jpeg 1280w, https:\/\/techtelmechtel.space\/wp-content\/uploads\/2026\/03\/event8-980x735.jpeg 980w, https:\/\/techtelmechtel.space\/wp-content\/uploads\/2026\/03\/event8-480x360.jpeg 480w\" sizes=\"(min-width: 0px) and (max-width: 480px) 480px, (min-width: 481px) and (max-width: 980px) 980px, (min-width: 981px) and (max-width: 1280px) 1280px, (min-width: 1281px) 2048px, 100vw\" class=\"wp-image-637\" \/><\/span><\/div>\n<\/div><\/div><div class=\"et_pb_group_carousel_slide\"><div class=\"et_pb_group_2 et_pb_group et_pb_module et_flex_group et_pb_css_mix_blend_mode_passthrough\">\n<div class=\"et_pb_image_2 et_pb_image et_pb_module et_flex_module\"><span class=\"et_pb_image_wrap\"><img loading=\"lazy\" decoding=\"async\" src=\"https:\/\/techtelmechtel.space\/wp-content\/uploads\/2026\/03\/event7.jpeg\" title=\"event7\" width=\"2048\" height=\"1536\" srcset=\"https:\/\/techtelmechtel.space\/wp-content\/uploads\/2026\/03\/event7.jpeg 2048w, https:\/\/techtelmechtel.space\/wp-content\/uploads\/2026\/03\/event7-1280x960.jpeg 1280w, https:\/\/techtelmechtel.space\/wp-content\/uploads\/2026\/03\/event7-980x735.jpeg 980w, https:\/\/techtelmechtel.space\/wp-content\/uploads\/2026\/03\/event7-480x360.jpeg 480w\" sizes=\"(min-width: 0px) and (max-width: 480px) 480px, (min-width: 481px) and (max-width: 980px) 980px, (min-width: 981px) and (max-width: 1280px) 1280px, (min-width: 1281px) 2048px, 100vw\" class=\"wp-image-636\" \/><\/span><\/div>\n<\/div><\/div><div class=\"et_pb_group_carousel_slide\"><div class=\"et_pb_group_3 et_pb_group et_pb_module et_flex_group et_pb_css_mix_blend_mode_passthrough\">\n<div class=\"et_pb_image_3 et_pb_image et_pb_module et_flex_module\"><span class=\"et_pb_image_wrap\"><img loading=\"lazy\" decoding=\"async\" src=\"https:\/\/techtelmechtel.space\/wp-content\/uploads\/2026\/03\/event4.jpeg\" title=\"event4\" width=\"2048\" height=\"1152\" srcset=\"https:\/\/techtelmechtel.space\/wp-content\/uploads\/2026\/03\/event4.jpeg 2048w, https:\/\/techtelmechtel.space\/wp-content\/uploads\/2026\/03\/event4-1280x720.jpeg 1280w, https:\/\/techtelmechtel.space\/wp-content\/uploads\/2026\/03\/event4-980x551.jpeg 980w, https:\/\/techtelmechtel.space\/wp-content\/uploads\/2026\/03\/event4-480x270.jpeg 480w\" sizes=\"(min-width: 0px) and (max-width: 480px) 480px, (min-width: 481px) and (max-width: 980px) 980px, (min-width: 981px) and (max-width: 1280px) 1280px, (min-width: 1281px) 2048px, 100vw\" class=\"wp-image-633\" alt=\"Ein Raum vom Coworking Space\" \/><\/span><\/div>\n<\/div><\/div><div class=\"et_pb_group_carousel_slide\"><div class=\"et_pb_group_4 et_pb_group et-last-child et_pb_module et_flex_group et_pb_css_mix_blend_mode_passthrough\">\n<div class=\"et_pb_image_4 et_pb_image et_pb_module et_flex_module\"><span class=\"et_pb_image_wrap\"><img loading=\"lazy\" decoding=\"async\" src=\"https:\/\/techtelmechtel.space\/wp-content\/uploads\/2026\/03\/event5.jpeg\" title=\"event5\" width=\"2048\" height=\"1536\" srcset=\"https:\/\/techtelmechtel.space\/wp-content\/uploads\/2026\/03\/event5.jpeg 2048w, https:\/\/techtelmechtel.space\/wp-content\/uploads\/2026\/03\/event5-1280x960.jpeg 1280w, https:\/\/techtelmechtel.space\/wp-content\/uploads\/2026\/03\/event5-980x735.jpeg 980w, https:\/\/techtelmechtel.space\/wp-content\/uploads\/2026\/03\/event5-480x360.jpeg 480w\" sizes=\"(min-width: 0px) and (max-width: 480px) 480px, (min-width: 481px) and (max-width: 980px) 980px, (min-width: 981px) and (max-width: 1280px) 1280px, (min-width: 1281px) 2048px, 100vw\" class=\"wp-image-634\" alt=\"Der Gang vom Coworking Space\" \/><\/span><\/div>\n<\/div><\/div><\/div><\/div><span class=\"et_pb_group_carousel_arrow et_pb_group_carousel_arrow_prev\" role=\"button\" tabindex=\"0\" aria-label=\"Previous slide\"><span class=\"et-pb-icon\">4<\/span><\/span><span class=\"et_pb_group_carousel_arrow et_pb_group_carousel_arrow_next\" role=\"button\" tabindex=\"0\" aria-label=\"Next slide\"><span class=\"et-pb-icon\">5<\/span><\/span><div class=\"et_pb_group_carousel_dots\"><\/div><\/div>\n<\/div>\n<\/div>\n<\/div>\n\n<div class=\"et_pb_section_1 et_pb_section et_section_regular et_flex_section\">\n<div class=\"et_pb_row_2 et_pb_row et-vb-row--no-module et_flex_row\"><\/div>\n<\/div>\n\n<div class=\"et_pb_section_2 et_pb_section et_section_regular et_flex_section\">\n<div class=\"et_pb_row_3 et_pb_row et_flex_row\">\n<div class=\"et_pb_row_4 et_pb_row et_pb_row_nested et_flex_row\">\n<div class=\"et_pb_column_2 et_pb_column et-last-child et_flex_column et_pb_css_mix_blend_mode_passthrough et_flex_column_24_24 et_flex_column_24_24_tablet et_flex_column_24_24_phone\">\n<div class=\"et_pb_heading_2 et_pb_heading et_pb_module et_flex_module preset--module--divi-heading--hbsm2da0yn\"><div class=\"et_pb_heading_container\"><h2 class=\"et_pb_module_header\">Upcoming Events<\/h2><\/div><\/div>\n\n<div class=\"et_pb_text_0 et_pb_text et_pb_bg_layout_light et_pb_module et_flex_module\"><div class=\"et_pb_text_inner\"><p>Hier findest du die anstehenden Events. Nicht alle sind von uns direkt organisiert, bei Fragen zu den Events am besten die Organizer direkt anschreiben.<\/p>\n<\/div><\/div>\n<\/div>\n<\/div>\n<\/div>\n\n<div class=\"et_pb_row_5 et_pb_row et_flex_row\">\n<div class=\"et_pb_column_3 et_pb_column et-last-child et_flex_column et_pb_css_mix_blend_mode_passthrough et_flex_column_24_24 et_flex_column_24_24_tablet et_flex_column_24_24_phone\">\n<div class=\"et_pb_code_0 et_pb_code et_pb_module\"><div class=\"et_pb_code_inner\"><iframe loading=\"lazy\" src=\"https:\/\/luma.com\/embed\/calendar\/cal-H6Vim7m7jOb3sOy\/events\"\n  width=\"100%\"\n  height=\"800\"\n  frameborder=\"0\"\n  style=\"border: 1px solid #bfcbda88; border-radius: 4px;\"\n  allowfullscreen=\"\"\n  aria-hidden=\"false\"\n  tabindex=\"0\"\n><\/iframe><\/div><\/div>\n<\/div>\n<\/div>\n<\/div>\n\n<div class=\"et_pb_section_3 et_pb_section et_section_regular et_block_section\">\n<div class=\"et_pb_row_6 et_pb_row et_block_row\">\n<div class=\"et_pb_column_4 et_pb_column et_pb_column_4_4 et-last-child et_block_column et_pb_css_mix_blend_mode_passthrough\">\n<div class=\"et_pb_heading_3 et_pb_heading et_pb_module et_flex_module preset--module--divi-heading--jays18vhou\"><div class=\"et_pb_heading_container\"><h2 class=\"et_pb_module_header\">Location<\/h2><\/div><\/div>\n<\/div>\n<\/div>\n\n<div class=\"et_pb_row_7 et_pb_row et_block_row\">\n<div class=\"et_pb_column_5 et_pb_column et_pb_column_1_3 et_block_column et_pb_css_mix_blend_mode_passthrough\">\n<div class=\"et_pb_image_5 et_pb_image et_pb_module et_block_module\"><span class=\"et_pb_image_wrap\"><img loading=\"lazy\" decoding=\"async\" src=\"https:\/\/techtelmechtel.space\/wp-content\/uploads\/2026\/01\/home-1.png\" title=\"home\" width=\"180\" height=\"180\" srcset=\"https:\/\/techtelmechtel.space\/wp-content\/uploads\/2026\/01\/home-1.png 180w, https:\/\/techtelmechtel.space\/wp-content\/uploads\/2026\/01\/home-1-150x150.png 150w\" sizes=\"(max-width: 180px) 100vw, 180px\" class=\"wp-image-167\" alt=\"Kaffeetasse Icon\" \/><\/span><\/div>\n\n<div class=\"et_pb_heading_4 et_pb_heading et_pb_module et_flex_module preset--module--divi-heading--ct9jms43t5\"><div class=\"et_pb_heading_container\"><h3 class=\"et_pb_module_header\" data-et-mv-hidden-phone=\"true\">Ankommen<\/h3><\/div><\/div>\n\n<div class=\"et_pb_text_1 et_pb_text et_pb_bg_layout_light et_pb_module et_block_module preset--module--divi-text--2f1767ac-3638-460e-b97c-eebe3b3ea43e\"><div class=\"et_pb_text_inner\" data-et-mv-hidden-phone=\"true\"><p>Am Besten erreichst du uns mit der S-Bahn: Die Station Ostkreuz ist fu\u00dfl\u00e4ufig erreichbar. Auch die U5 Frankfurter Allee ist eine M\u00f6glichkeit.\u00a0<\/p>\n<p>Wenn du mit dem Fahrrad ankommst, haben wir im Hof einen \u00fcberdachten Fahrradst\u00e4nder f\u00fcr dich.<\/p>\n<\/div><\/div>\n<\/div>\n\n<div class=\"et_pb_column_6 et_pb_column et_pb_column_1_3 et_block_column et_pb_css_mix_blend_mode_passthrough\">\n<div class=\"et_pb_image_6 et_pb_image et_pb_module et_block_module\"><span class=\"et_pb_image_wrap\"><img loading=\"lazy\" decoding=\"async\" src=\"https:\/\/techtelmechtel.space\/wp-content\/uploads\/2026\/01\/map-marker-1.png\" title=\"map marker\" width=\"180\" height=\"180\" srcset=\"https:\/\/techtelmechtel.space\/wp-content\/uploads\/2026\/01\/map-marker-1.png 180w, https:\/\/techtelmechtel.space\/wp-content\/uploads\/2026\/01\/map-marker-1-150x150.png 150w\" sizes=\"(max-width: 180px) 100vw, 180px\" class=\"wp-image-170\" alt=\"Kalendar Icon\" \/><\/span><\/div>\n\n<div class=\"et_pb_heading_5 et_pb_heading et_pb_module et_flex_module preset--module--divi-heading--ct9jms43t5\"><div class=\"et_pb_heading_container\"><h3 class=\"et_pb_module_header\">Parken<\/h3><\/div><\/div>\n\n<div class=\"et_pb_text_2 et_pb_text et_pb_bg_layout_light et_pb_module et_block_module preset--module--divi-text--2f1767ac-3638-460e-b97c-eebe3b3ea43e\"><div class=\"et_pb_text_inner\"><p>Die Parkpl\u00e4tze auf dem Hof geh\u00f6ren nicht zu uns, bitte nicht hier parken. Halten f\u00fcr Anlieferung ist nat\u00fcrlich fein.<\/p>\n<p>Im ganzen Kiez ist nur Anwohnerparken gestattet. Aber au\u00dferhalb des Rings k\u00f6nnt ihr kostenfrei Parken - das ist gleich hier ums Eck, z.B. im Wiesenweg.<\/p>\n<\/div><\/div>\n<\/div>\n\n<div class=\"et_pb_column_7 et_pb_column et_pb_column_1_3 et-last-child et_block_column et_pb_css_mix_blend_mode_passthrough\">\n<div class=\"et_pb_image_7 et_pb_image et_pb_module et_block_module\"><span class=\"et_pb_image_wrap\"><img loading=\"lazy\" decoding=\"async\" src=\"https:\/\/techtelmechtel.space\/wp-content\/uploads\/2026\/01\/exit-1.png\" title=\"exit\" width=\"180\" height=\"180\" srcset=\"https:\/\/techtelmechtel.space\/wp-content\/uploads\/2026\/01\/exit-1.png 180w, https:\/\/techtelmechtel.space\/wp-content\/uploads\/2026\/01\/exit-1-150x150.png 150w\" sizes=\"(max-width: 180px) 100vw, 180px\" class=\"wp-image-165\" \/><\/span><\/div>\n\n<div class=\"et_pb_heading_6 et_pb_heading et_pb_module et_flex_module preset--module--divi-heading--ct9jms43t5\"><div class=\"et_pb_heading_container\"><h3 class=\"et_pb_module_header\">Access<\/h3><\/div><\/div>\n\n<div class=\"et_pb_text_3 et_pb_text et_pb_bg_layout_light et_pb_module et_block_module preset--module--divi-text--2f1767ac-3638-460e-b97c-eebe3b3ea43e\"><div class=\"et_pb_text_inner\"><p>Einfach mit dem Fahrstuhl direkt aus dem Hof in den 4. Stock fahren. Die beiden Treppenh\u00e4user haben auch Eing\u00e4nge, aber wir haben dort keine Klingeln - also besser mit Fahrstuhl.<\/p>\n<p>Du kommst hier mit Rollstuhl barrierefrei rein, aber unsere Toiletten sind leider nicht offiziell barrierefrei ausgestattet. Schreib uns gern bei Fragen dazu!<\/p>\n<\/div><\/div>\n<\/div>\n<\/div>\n<\/div>\n\n<div class=\"et_pb_section_4 et_pb_section et_section_regular et_block_section\">\n<div class=\"et_pb_row_8 et_pb_row et_block_row\" id=\"form\">\n<div class=\"et_pb_column_8 et_pb_column et_pb_column_4_4 et-last-child et_block_column et_pb_css_mix_blend_mode_passthrough\">\n<div class=\"et_pb_heading_7 et_pb_heading et_pb_module et_flex_module preset--module--divi-heading--6wwgswychb\"><div class=\"et_pb_heading_container\"><h2 class=\"et_pb_module_header\">Request<\/h2><\/div><\/div>\n\n<div class=\"et_pb_text_4 et_pb_text et_pb_bg_layout_light et_pb_module et_block_module\"><div class=\"et_pb_text_inner\"><p>Want to book a conference room or a trial day at the coworking space?<\/p>\n<p>Feel free to reach out!<\/p>\n<\/div><\/div>\n\n<div class=\"et_pb_contact_form_0 et_pb_contact_form_container clearfix et_pb_module et_flex_module\" data-form_unique_num=\"0\" data-form_unique_id=\"7067d836e5cc6b8d0df5f1ee01accc26\" id=\"et_pb_contact_form_7067d836e5cc6b8d0df5f1ee01accc26\"><div class=\"et-pb-contact-message\"><\/div><div class=\"et_pb_contact\"><form class=\"et_pb_contact_form et_flex_module\" method=\"post\" action=\"https:\/\/techtelmechtel.space\/en\/wp-json\/wp\/v2\/pages\/612\" data-trp-original-action=\"https:\/\/techtelmechtel.space\/en\/wp-json\/wp\/v2\/pages\/612\">\n<div class=\"et_pb_contact_field_0 et_pb_contact_field et_pb_module et_flex_module et_flex_column_24_24 et_flex_column_24_24_tablet et_flex_column_24_24_phone preset--module--divi-contact-field--default\" data-id=\"name\" data-type=\"input\"><label class=\"et_pb_contact_form_label\">Name<\/label><input type=\"text\" name=\"et_pb_contact_0_name_0\" id=\"et_pb_contact_0_name_0\" class=\"input\" data-required_mark=\"required\" data-field_type=\"input\" data-original_id=\"name\" placeholder=\"Name\" title=\"\" value=\"\" \/><\/div>\n\n<div class=\"et_pb_contact_field_1 et_pb_contact_field et_pb_module et_flex_module et_flex_column_24_24 et_flex_column_24_24_tablet et_flex_column_24_24_phone preset--module--divi-contact-field--default\" data-id=\"email\" data-type=\"email\"><label class=\"et_pb_contact_form_label\">Email Address<\/label><input type=\"text\" name=\"et_pb_contact_0_email_1\" id=\"et_pb_contact_0_email_1\" class=\"input\" data-required_mark=\"required\" data-field_type=\"email\" data-original_id=\"email\" placeholder=\"Email Address\" title=\"\" value=\"\" \/><\/div>\n\n<div class=\"et_pb_contact_field_2 et_pb_contact_field et_pb_module et_flex_module et_flex_column_24_24 et_flex_column_24_24_tablet et_flex_column_24_24_phone preset--module--divi-contact-field--default\" data-id=\"message\" data-type=\"text\"><label class=\"et_pb_contact_form_label\">Your Message<\/label><textarea name=\"et_pb_contact_0_message_2\" id=\"et_pb_contact_0_message_2\" class=\"et_pb_contact_message input\" data-required_mark=\"required\" data-field_type=\"text\" data-original_id=\"message\" placeholder=\"Your Message\"><\/textarea><\/div>\n<input type=\"hidden\" name=\"et_pb_contactform_submit_7067d836e5cc6b8d0df5f1ee01accc26\" value=\"et_contact_proccess\" \/><div class=\"et_contact_bottom_container\"><div class=\"et_pb_button_wrapper\"><button type=\"submit\" name=\"et_builder_submit_button\" class=\"et_pb_button et_pb_contact_submit\">Send<\/button><\/div><\/div><input type=\"hidden\" id=\"_wpnonce-et-pb-contact-form-submitted-7067d836e5cc6b8d0df5f1ee01accc26\" name=\"_wpnonce-et-pb-contact-form-submitted-7067d836e5cc6b8d0df5f1ee01accc26\" value=\"32241f04d1\" \/><input type=\"hidden\" name=\"_wp_http_referer\" value=\"\/en\/wp-json\/wp\/v2\/pages\/612\" \/><input type=\"hidden\" name=\"trp-form-language\" value=\"en\"\/><\/form><\/div><\/div>\n<\/div>\n<\/div>\n<\/div>","protected":false},"excerpt":{"rendered":"","protected":false},"author":1,"featured_media":0,"parent":0,"menu_order":0,"comment_status":"closed","ping_status":"closed","template":"","meta":{"footnotes":""},"class_list":["post-612","page","type-page","status-publish","hentry"],"_links":{"self":[{"href":"https:\/\/techtelmechtel.space\/en\/wp-json\/wp\/v2\/pages\/612","targetHints":{"allow":["GET"]}}],"collection":[{"href":"https:\/\/techtelmechtel.space\/en\/wp-json\/wp\/v2\/pages"}],"about":[{"href":"https:\/\/techtelmechtel.space\/en\/wp-json\/wp\/v2\/types\/page"}],"author":[{"embeddable":true,"href":"https:\/\/techtelmechtel.space\/en\/wp-json\/wp\/v2\/users\/1"}],"replies":[{"embeddable":true,"href":"https:\/\/techtelmechtel.space\/en\/wp-json\/wp\/v2\/comments?post=612"}],"version-history":[{"count":23,"href":"https:\/\/techtelmechtel.space\/en\/wp-json\/wp\/v2\/pages\/612\/revisions"}],"predecessor-version":[{"id":691,"href":"https:\/\/techtelmechtel.space\/en\/wp-json\/wp\/v2\/pages\/612\/revisions\/691"}],"wp:attachment":[{"href":"https:\/\/techtelmechtel.space\/en\/wp-json\/wp\/v2\/media?parent=612"}],"curies":[{"name":"wp","href":"https:\/\/api.w.org\/{rel}","templated":true}]}}